{"id":879,"date":"2017-10-23T13:07:53","date_gmt":"2017-10-23T13:07:53","guid":{"rendered":"http:\/\/demo.zozothemes.com\/induzy\/?page_id=879"},"modified":"2017-10-23T13:07:53","modified_gmt":"2017-10-23T13:07:53","slug":"blog-list","status":"publish","type":"page","link":"https:\/\/www.elesraspaboya.com\/index.php\/blog-list\/","title":{"rendered":"Blog List"},"content":{"rendered":"<section class=\"wpb-content-wrapper\"><p>[vc_row css=&#8221;.vc_custom_1508750640220{padding-top: 0px !important;padding-bottom: 0px !important;}&#8221;][vc_column]<div class=\"blog-wrapper blog-style-4 blog-light\" data-css=\"&quot;&quot;\"><div class=\"row\"><div class=\"col-lg-12 col-md-12\"><div class=\"blog-inner\"><div class=\"media\"><div class=\"media-body\"><div class=\"entry-title\"><h3><a href=\"https:\/\/www.elesraspaboya.com\/index.php\/2023\/06\/24\/merhaba-dunya\/\" class=\"post-title\">Merhaba d\u00fcnya!<\/a><\/h3><\/div><!-- .entry-title --><div class=\"post-excerpt\"><p>WordPress&#8217;e ho\u015f geldiniz. Bu sizin ilk yaz\u0131n\u0131z. Bu yaz\u0131y\u0131 d\u00fczenleyin ya da silin. Sonra yazmaya ba\u015flay\u0131n!<\/p>\n<\/div><!-- .post-excerpt --><div class=\"bottom-meta clearfix\"><ul class=\"bottom-meta-list\"><li><div class=\"post-author\"><a href=\"https:\/\/www.elesraspaboya.com\/index.php\/author\/admin\/\"><span class=\"author-img\"><img alt='' src='https:\/\/secure.gravatar.com\/avatar\/9bddd4972cc7a2ddd39c3f46f386c597853acb823459af45bed67f93af2f44e6?s=30&#038;d=mm&#038;r=g' srcset='https:\/\/secure.gravatar.com\/avatar\/9bddd4972cc7a2ddd39c3f46f386c597853acb823459af45bed67f93af2f44e6?s=60&#038;d=mm&#038;r=g 2x' class='avatar avatar-30 photo rounded-circle' height='30' width='30' \/><\/span><span class=\"author-name\">admin<\/span><\/a><\/div><\/li><li><div class=\"post-more\"><a class=\"read-more\" href=\"https:\/\/www.elesraspaboya.com\/index.php\/2023\/06\/24\/merhaba-dunya\/\">Read More<\/a><\/div><\/li><\/ul><\/div><\/div><!-- .media --><\/div><!-- .media-body --><\/div><!-- .blog-inner --><\/div><!-- .cols --><\/div><!-- .row --><div class=\"row\"><div class=\"col-lg-12 col-md-12\"><div class=\"blog-inner\"><div class=\"media\"><div class=\"post-thumb\"><img loading=\"lazy\" decoding=\"async\" height=\"186\" width=\"300\" class=\"img-fluid\" alt=\"Mining from the top zone\" src=\"https:\/\/www.elesraspaboya.com\/wp-content\/uploads\/2017\/10\/blog-3-300x186.jpg\"\/><\/div><!-- .post-thumb --><div class=\"media-body\"><div class=\"entry-title\"><h3><a href=\"https:\/\/www.elesraspaboya.com\/index.php\/2018\/02\/05\/mining-from-the-top-zone\/\" class=\"post-title\">Mining from the top zone<\/a><\/h3><\/div><!-- .entry-title --><div class=\"post-excerpt\"><p>Maecenas iaculis fringilla magna sit amet volutpat. Proin vestibulum, ex quis imperdiet tempus, nunc turpis condimentum est, at pretium urna<\/p>\n<\/div><!-- .post-excerpt --><div class=\"bottom-meta clearfix\"><ul class=\"bottom-meta-list\"><li><div class=\"post-author\"><a href=\"https:\/\/www.elesraspaboya.com\/index.php\/author\/admin\/\"><span class=\"author-img\"><img alt='' src='https:\/\/secure.gravatar.com\/avatar\/9bddd4972cc7a2ddd39c3f46f386c597853acb823459af45bed67f93af2f44e6?s=30&#038;d=mm&#038;r=g' srcset='https:\/\/secure.gravatar.com\/avatar\/9bddd4972cc7a2ddd39c3f46f386c597853acb823459af45bed67f93af2f44e6?s=60&#038;d=mm&#038;r=g 2x' class='avatar avatar-30 photo rounded-circle' height='30' width='30' \/><\/span><span class=\"author-name\">admin<\/span><\/a><\/div><\/li><li><div class=\"post-more\"><a class=\"read-more\" href=\"https:\/\/www.elesraspaboya.com\/index.php\/2018\/02\/05\/mining-from-the-top-zone\/\">Read More<\/a><\/div><\/li><\/ul><\/div><\/div><!-- .media --><\/div><!-- .media-body --><\/div><!-- .blog-inner --><\/div><!-- .cols --><\/div><!-- .row --><div class=\"row\"><div class=\"col-lg-12 col-md-12\"><div class=\"blog-inner\"><div class=\"media\"><div class=\"post-thumb\"><img loading=\"lazy\" decoding=\"async\" height=\"186\" width=\"300\" class=\"img-fluid\" alt=\"Choosing Best Products\" src=\"https:\/\/www.elesraspaboya.com\/wp-content\/uploads\/2017\/10\/blog-4-300x186.jpg\"\/><\/div><!-- .post-thumb --><div class=\"media-body\"><div class=\"entry-title\"><h3><a href=\"https:\/\/www.elesraspaboya.com\/index.php\/2017\/10\/05\/choosing-best-products\/\" class=\"post-title\">Choosing Best Products<\/a><\/h3><\/div><!-- .entry-title --><div class=\"post-excerpt\"><p>Maecenas iaculis fringilla magna sit amet volutpat. Proin vestibulum, ex quis imperdiet tempus, nunc turpis condimentum est, at pretium urna<\/p>\n<\/div><!-- .post-excerpt --><div class=\"bottom-meta clearfix\"><ul class=\"bottom-meta-list\"><li><div class=\"post-author\"><a href=\"https:\/\/www.elesraspaboya.com\/index.php\/author\/admin\/\"><span class=\"author-img\"><img alt='' src='https:\/\/secure.gravatar.com\/avatar\/9bddd4972cc7a2ddd39c3f46f386c597853acb823459af45bed67f93af2f44e6?s=30&#038;d=mm&#038;r=g' srcset='https:\/\/secure.gravatar.com\/avatar\/9bddd4972cc7a2ddd39c3f46f386c597853acb823459af45bed67f93af2f44e6?s=60&#038;d=mm&#038;r=g 2x' class='avatar avatar-30 photo rounded-circle' height='30' width='30' \/><\/span><span class=\"author-name\">admin<\/span><\/a><\/div><\/li><li><div class=\"post-more\"><a class=\"read-more\" href=\"https:\/\/www.elesraspaboya.com\/index.php\/2017\/10\/05\/choosing-best-products\/\">Read More<\/a><\/div><\/li><\/ul><\/div><\/div><!-- .media --><\/div><!-- .media-body --><\/div><!-- .blog-inner --><\/div><!-- .cols --><\/div><!-- .row --><div class=\"row\"><div class=\"col-lg-12 col-md-12\"><div class=\"blog-inner\"><div class=\"media\"><div class=\"post-thumb\"><img loading=\"lazy\" decoding=\"async\" height=\"186\" width=\"300\" class=\"img-fluid\" alt=\"Best Business Solution\" src=\"https:\/\/www.elesraspaboya.com\/wp-content\/uploads\/2017\/10\/blog-2-300x186.jpg\"\/><\/div><!-- .post-thumb --><div class=\"media-body\"><div class=\"entry-title\"><h3><a href=\"https:\/\/www.elesraspaboya.com\/index.php\/2017\/10\/05\/best-business-solution\/\" class=\"post-title\">Best Business Solution<\/a><\/h3><\/div><!-- .entry-title --><div class=\"post-excerpt\"><p>Maecenas iaculis fringilla magna sit amet volutpat. Proin vestibulum, ex quis imperdiet tempus, nunc turpis condimentum est, at pretium urna<\/p>\n<\/div><!-- .post-excerpt --><div class=\"bottom-meta clearfix\"><ul class=\"bottom-meta-list\"><li><div class=\"post-author\"><a href=\"https:\/\/www.elesraspaboya.com\/index.php\/author\/admin\/\"><span class=\"author-img\"><img alt='' src='https:\/\/secure.gravatar.com\/avatar\/9bddd4972cc7a2ddd39c3f46f386c597853acb823459af45bed67f93af2f44e6?s=30&#038;d=mm&#038;r=g' srcset='https:\/\/secure.gravatar.com\/avatar\/9bddd4972cc7a2ddd39c3f46f386c597853acb823459af45bed67f93af2f44e6?s=60&#038;d=mm&#038;r=g 2x' class='avatar avatar-30 photo rounded-circle' height='30' width='30' \/><\/span><span class=\"author-name\">admin<\/span><\/a><\/div><\/li><li><div class=\"post-more\"><a class=\"read-more\" href=\"https:\/\/www.elesraspaboya.com\/index.php\/2017\/10\/05\/best-business-solution\/\">Read More<\/a><\/div><\/li><\/ul><\/div><\/div><!-- .media --><\/div><!-- .media-body --><\/div><!-- .blog-inner --><\/div><!-- .cols --><\/div><!-- .row --><div class=\"row\"><div class=\"col-lg-12 col-md-12\"><div class=\"blog-inner\"><div class=\"media\"><div class=\"post-thumb\"><img loading=\"lazy\" decoding=\"async\" height=\"186\" width=\"300\" class=\"img-fluid\" alt=\"Certified Engineers\" src=\"https:\/\/www.elesraspaboya.com\/wp-content\/uploads\/2017\/10\/blog-1-300x186.jpg\"\/><\/div><!-- .post-thumb --><div class=\"media-body\"><div class=\"entry-title\"><h3><a href=\"https:\/\/www.elesraspaboya.com\/index.php\/2017\/10\/05\/certified-engineers\/\" class=\"post-title\">Certified Engineers<\/a><\/h3><\/div><!-- .entry-title --><div class=\"post-excerpt\"><p>Maecenas iaculis fringilla magna sit amet volutpat. Proin vestibulum, ex quis imperdiet tempus, nunc turpis condimentum est, at pretium urna<\/p>\n<\/div><!-- .post-excerpt --><div class=\"bottom-meta clearfix\"><ul class=\"bottom-meta-list\"><li><div class=\"post-author\"><a href=\"https:\/\/www.elesraspaboya.com\/index.php\/author\/admin\/\"><span class=\"author-img\"><img alt='' src='https:\/\/secure.gravatar.com\/avatar\/9bddd4972cc7a2ddd39c3f46f386c597853acb823459af45bed67f93af2f44e6?s=30&#038;d=mm&#038;r=g' srcset='https:\/\/secure.gravatar.com\/avatar\/9bddd4972cc7a2ddd39c3f46f386c597853acb823459af45bed67f93af2f44e6?s=60&#038;d=mm&#038;r=g 2x' class='avatar avatar-30 photo rounded-circle' height='30' width='30' \/><\/span><span class=\"author-name\">admin<\/span><\/a><\/div><\/li><li><div class=\"post-more\"><a class=\"read-more\" href=\"https:\/\/www.elesraspaboya.com\/index.php\/2017\/10\/05\/certified-engineers\/\">Read More<\/a><\/div><\/li><\/ul><\/div><\/div><!-- .media --><\/div><!-- .media-body --><\/div><!-- .blog-inner --><\/div><!-- .cols --><\/div><!-- .row --><div class=\"row\"><div class=\"col-lg-12 col-md-12\"><div class=\"blog-inner\"><div class=\"media\"><div class=\"post-thumb\"><img loading=\"lazy\" decoding=\"async\" height=\"186\" width=\"300\" class=\"img-fluid\" alt=\"Successful Engineering\" src=\"https:\/\/www.elesraspaboya.com\/wp-content\/uploads\/2017\/10\/blog-5-300x186.jpg\"\/><\/div><!-- .post-thumb --><div class=\"media-body\"><div class=\"entry-title\"><h3><a href=\"https:\/\/www.elesraspaboya.com\/index.php\/2017\/08\/23\/successful-engineering\/\" class=\"post-title\">Successful Engineering<\/a><\/h3><\/div><!-- .entry-title --><div class=\"post-excerpt\"><p>Maecenas iaculis fringilla magna sit amet volutpat. Proin vestibulum, ex quis imperdiet tempus, nunc turpis condimentum est, at pretium urna<\/p>\n<\/div><!-- .post-excerpt --><div class=\"bottom-meta clearfix\"><ul class=\"bottom-meta-list\"><li><div class=\"post-author\"><a href=\"https:\/\/www.elesraspaboya.com\/index.php\/author\/admin\/\"><span class=\"author-img\"><img alt='' src='https:\/\/secure.gravatar.com\/avatar\/9bddd4972cc7a2ddd39c3f46f386c597853acb823459af45bed67f93af2f44e6?s=30&#038;d=mm&#038;r=g' srcset='https:\/\/secure.gravatar.com\/avatar\/9bddd4972cc7a2ddd39c3f46f386c597853acb823459af45bed67f93af2f44e6?s=60&#038;d=mm&#038;r=g 2x' class='avatar avatar-30 photo rounded-circle' height='30' width='30' \/><\/span><span class=\"author-name\">admin<\/span><\/a><\/div><\/li><li><div class=\"post-more\"><a class=\"read-more\" href=\"https:\/\/www.elesraspaboya.com\/index.php\/2017\/08\/23\/successful-engineering\/\">Read More<\/a><\/div><\/li><\/ul><\/div><\/div><!-- .media --><\/div><!-- .media-body --><\/div><!-- .blog-inner --><\/div><!-- .cols --><\/div><!-- .row --><\/div><!-- .blog-wrapper -->[\/vc_column][\/vc_row]<\/p>\n<\/section>","protected":false},"excerpt":{"rendered":"<p>[vc_row css=&#8221;.vc_custom_1508750640220{padding-top: 0px !important;padding-bottom: 0px !important;}&#8221;][vc_column][\/vc_column][\/vc_row]<\/p>\n","protected":false},"author":1,"featured_media":0,"parent":0,"menu_order":0,"comment_status":"closed","ping_status":"closed","template":"","meta":{"footnotes":""},"class_list":["post-879","page","type-page","status-publish","hentry"],"_links":{"self":[{"href":"https:\/\/www.elesraspaboya.com\/index.php\/wp-json\/wp\/v2\/pages\/879","targetHints":{"allow":["GET"]}}],"collection":[{"href":"https:\/\/www.elesraspaboya.com\/index.php\/wp-json\/wp\/v2\/pages"}],"about":[{"href":"https:\/\/www.elesraspaboya.com\/index.php\/wp-json\/wp\/v2\/types\/page"}],"author":[{"embeddable":true,"href":"https:\/\/www.elesraspaboya.com\/index.php\/wp-json\/wp\/v2\/users\/1"}],"replies":[{"embeddable":true,"href":"https:\/\/www.elesraspaboya.com\/index.php\/wp-json\/wp\/v2\/comments?post=879"}],"version-history":[{"count":0,"href":"https:\/\/www.elesraspaboya.com\/index.php\/wp-json\/wp\/v2\/pages\/879\/revisions"}],"wp:attachment":[{"href":"https:\/\/www.elesraspaboya.com\/index.php\/wp-json\/wp\/v2\/media?parent=879"}],"curies":[{"name":"wp","href":"https:\/\/api.w.org\/{rel}","templated":true}]}}